{"id":6,"date":"2026-02-27T20:44:54","date_gmt":"2026-02-27T20:44:54","guid":{"rendered":"https:\/\/seagreen-gorilla-845991.hostingersite.com\/accueil\/"},"modified":"2026-03-11T20:53:16","modified_gmt":"2026-03-11T20:53:16","slug":"accueil","status":"publish","type":"page","link":"https:\/\/taosclean.be\/en\/","title":{"rendered":"Home"},"content":{"rendered":"<div data-elementor-type=\"wp-page\" data-elementor-id=\"6\" class=\"elementor elementor-6\">\n\t\t\t\t<div data-aos=\"fade-up\" class=\"hostinger-elementor-aos elementor-element elementor-element-ddccf30 e-grid e-con-boxed e-con e-parent\" data-id=\"ddccf30\" data-element_type=\"container\" data-e-type=\"container\" data-settings=\"{&quot;background_background&quot;:&quot;classic&quot;}\">\n\t\t\t\t\t<div class=\"e-con-inner\">\n\t\t<div data-aos=\"fade-up\" class=\"hostinger-elementor-aos elementor-element elementor-element-74068c0 e-con-full e-flex e-con e-child\" data-id=\"74068c0\" data-element_type=\"container\" data-e-type=\"container\">\n\t\t\t\t<div class=\"elementor-element elementor-element-2085031 hostinger-ai-title elementor-widget elementor-widget-heading\" data-id=\"2085031\" data-element_type=\"widget\" data-e-type=\"widget\" data-widget_type=\"heading.default\">\n\t\t\t\t\t<h1 class=\"elementor-heading-title elementor-size-default\">Your cleaning partner for demanding companies<\/h1>\t\t\t\t<\/div>\n\t\t\t\t<div class=\"elementor-element elementor-element-e636516 hostinger-ai-description elementor-widget elementor-widget-text-editor\" data-id=\"e636516\" data-element_type=\"widget\" data-e-type=\"widget\" data-widget_type=\"text-editor.default\">\n\t\t\t\t\t\t\t\t\t<p>TAOS CLEAN supports businesses, medical practices, retail stores, schools, and hospitality establishments with a professional, structured, and reliable cleaning service.<\/p>\t\t\t\t\t\t\t\t<\/div>\n\t\t\t\t<div class=\"elementor-element elementor-element-61ba7db hostinger-ai-cta-button hostinger-index-0 elementor-mobile-align-center elementor-widget elementor-widget-button\" data-id=\"61ba7db\" data-element_type=\"widget\" data-e-type=\"widget\" data-widget_type=\"button.default\">\n\t\t\t\t\t\t\t\t\t\t<a class=\"elementor-button elementor-button-link elementor-size-sm\" href=\"https:\/\/taosclean.be\/en\/demande-de-devis\/\">\n\t\t\t\t\t\t<span class=\"elementor-button-content-wrapper\">\n\t\t\t\t\t\t\t\t\t<span class=\"elementor-button-text\">Get my quote<\/span>\n\t\t\t\t\t<\/span>\n\t\t\t\t\t<\/a>\n\t\t\t\t\t\t\t\t<\/div>\n\t\t\t\t<\/div>\n\t\t<div data-aos=\"fade-up\" class=\"hostinger-elementor-aos elementor-element elementor-element-60fbd07 e-con-full e-flex e-con e-child\" data-id=\"60fbd07\" data-element_type=\"container\" data-e-type=\"container\">\n\t\t\t\t<div class=\"elementor-element elementor-element-ce4a621 hostinger-ai-image elementor-widget elementor-widget-image\" data-id=\"ce4a621\" data-element_type=\"widget\" data-e-type=\"widget\" data-widget_type=\"image.default\">\n\t\t\t\t\t\t\t\t\t\t\t\t\t\t\t<img fetchpriority=\"high\" decoding=\"async\" width=\"1024\" height=\"683\" src=\"https:\/\/taosclean.be\/wp-content\/uploads\/2026\/03\/TACL1-1024x683.png\" class=\"attachment-large size-large wp-image-83\" alt=\"\" srcset=\"https:\/\/taosclean.be\/wp-content\/uploads\/2026\/03\/TACL1-1024x683.png 1024w, https:\/\/taosclean.be\/wp-content\/uploads\/2026\/03\/TACL1-300x200.png 300w, https:\/\/taosclean.be\/wp-content\/uploads\/2026\/03\/TACL1-768x512.png 768w, https:\/\/taosclean.be\/wp-content\/uploads\/2026\/03\/TACL1.png 1536w\" sizes=\"(max-width: 1024px) 100vw, 1024px\" \/>\t\t\t\t\t\t\t\t\t\t\t\t\t\t\t<\/div>\n\t\t\t\t<\/div>\n\t\t\t\t\t<\/div>\n\t\t\t\t<\/div>\n\t\t<div data-aos=\"fade-up\" class=\"hostinger-elementor-aos elementor-element elementor-element-4416749 e-grid hostinger-ai-about-us-3 e-con-boxed e-con e-parent\" data-id=\"4416749\" data-element_type=\"container\" data-e-type=\"container\">\n\t\t\t\t\t<div class=\"e-con-inner\">\n\t\t<div data-aos=\"fade-up\" class=\"hostinger-elementor-aos elementor-element elementor-element-ac68c9f e-con-full e-flex e-con e-child\" data-id=\"ac68c9f\" data-element_type=\"container\" data-e-type=\"container\">\n\t\t\t\t<div class=\"elementor-element elementor-element-5dbfd0c hostinger-ai-title elementor-widget elementor-widget-heading\" data-id=\"5dbfd0c\" data-element_type=\"widget\" data-e-type=\"widget\" data-widget_type=\"heading.default\">\n\t\t\t\t\t<h2 class=\"elementor-heading-title elementor-size-default\">Why choose TAOS CLEAN?<\/h2>\t\t\t\t<\/div>\n\t\t\t\t<div class=\"elementor-element elementor-element-54bca8c hostinger-ai-description elementor-widget elementor-widget-text-editor\" data-id=\"54bca8c\" data-element_type=\"widget\" data-e-type=\"widget\" data-widget_type=\"text-editor.default\">\n\t\t\t\t\t\t\t\t\t<p data-start=\"651\" data-end=\"793\">We operate with method, precision, and professionalism to ensure a clean, healthy, and professional environment for your business.<\/p><p data-start=\"651\" data-end=\"793\">\u2022 <strong>Free quotation within 24h<\/strong><br \/>\u2022<strong> Reliable, structured service<\/strong><br \/>\u2022 <strong>Rapid response for companies in Belgium<\/strong><\/p><p data-start=\"800\" data-end=\"894\">Our approach is based on consistency, quality control, and transparent service agreements.<\/p>\t\t\t\t\t\t\t\t<\/div>\n\t\t\t\t<\/div>\n\t\t<div data-aos=\"fade-up\" class=\"hostinger-elementor-aos elementor-element elementor-element-534449b e-con-full e-flex e-con e-child\" data-id=\"534449b\" data-element_type=\"container\" data-e-type=\"container\">\n\t\t\t\t<div class=\"elementor-element elementor-element-2d54aad hostinger-ai-image hostinger-index-4 e-transform elementor-widget elementor-widget-image\" data-id=\"2d54aad\" data-element_type=\"widget\" data-e-type=\"widget\" data-settings=\"{&quot;_transform_scale_effect&quot;:{&quot;unit&quot;:&quot;px&quot;,&quot;size&quot;:0.9,&quot;sizes&quot;:[]},&quot;_transform_scale_effect_tablet&quot;:{&quot;unit&quot;:&quot;px&quot;,&quot;size&quot;:&quot;&quot;,&quot;sizes&quot;:[]},&quot;_transform_scale_effect_mobile&quot;:{&quot;unit&quot;:&quot;px&quot;,&quot;size&quot;:&quot;&quot;,&quot;sizes&quot;:[]}}\" data-widget_type=\"image.default\">\n\t\t\t\t\t\t\t\t\t\t\t\t\t\t\t<img decoding=\"async\" width=\"1536\" height=\"1024\" src=\"https:\/\/taosclean.be\/wp-content\/uploads\/2026\/03\/PQTAC1.png\" class=\"attachment-full size-full wp-image-84\" alt=\"\" srcset=\"https:\/\/taosclean.be\/wp-content\/uploads\/2026\/03\/PQTAC1.png 1536w, https:\/\/taosclean.be\/wp-content\/uploads\/2026\/03\/PQTAC1-300x200.png 300w, https:\/\/taosclean.be\/wp-content\/uploads\/2026\/03\/PQTAC1-1024x683.png 1024w, https:\/\/taosclean.be\/wp-content\/uploads\/2026\/03\/PQTAC1-768x512.png 768w\" sizes=\"(max-width: 1536px) 100vw, 1536px\" \/>\t\t\t\t\t\t\t\t\t\t\t\t\t\t\t<\/div>\n\t\t\t\t<\/div>\n\t\t\t\t\t<\/div>\n\t\t\t\t<\/div>\n\t\t<div data-aos=\"fade-up\" class=\"hostinger-elementor-aos elementor-element elementor-element-76384ba hostinger-ai-our-services-2 e-flex e-con-boxed e-con e-parent\" data-id=\"76384ba\" data-element_type=\"container\" data-e-type=\"container\" data-settings=\"{&quot;background_background&quot;:&quot;classic&quot;}\">\n\t\t\t\t\t<div class=\"e-con-inner\">\n\t\t<div data-aos=\"fade-up\" class=\"hostinger-elementor-aos elementor-element elementor-element-6aabfe1 e-con-full e-flex e-con e-child\" data-id=\"6aabfe1\" data-element_type=\"container\" data-e-type=\"container\">\n\t\t\t\t<div class=\"elementor-element elementor-element-f7ed4dd hostinger-ai-title elementor-widget elementor-widget-heading\" data-id=\"f7ed4dd\" data-element_type=\"widget\" data-e-type=\"widget\" data-widget_type=\"heading.default\">\n\t\t\t\t\t<h2 class=\"elementor-heading-title elementor-size-default\">Our professional cleaning services<\/h2>\t\t\t\t<\/div>\n\t\t<div data-aos=\"fade-up\" class=\"hostinger-elementor-aos elementor-element elementor-element-fdcb56c e-grid e-con-full e-con e-child\" data-id=\"fdcb56c\" data-element_type=\"container\" data-e-type=\"container\">\n\t\t<div data-aos=\"fade-up\" class=\"hostinger-elementor-aos elementor-element elementor-element-df3b27a e-con-full e-flex e-con e-child\" data-id=\"df3b27a\" data-element_type=\"container\" data-e-type=\"container\">\n\t\t\t\t<div class=\"elementor-element elementor-element-4a34446 elementor-widget elementor-widget-heading\" data-id=\"4a34446\" data-element_type=\"widget\" data-e-type=\"widget\" data-widget_type=\"heading.default\">\n\t\t\t\t\t<h2 class=\"elementor-heading-title elementor-size-default\">Offices &amp; Businesses<\/h2>\t\t\t\t<\/div>\n\t\t\t\t<div class=\"elementor-element elementor-element-d13d5fe hostinger-ai-service-image elementor-widget elementor-widget-image\" data-id=\"d13d5fe\" data-element_type=\"widget\" data-e-type=\"widget\" data-widget_type=\"image.default\">\n\t\t\t\t\t\t\t\t\t\t\t\t\t\t\t<img decoding=\"async\" src=\"https:\/\/taosclean.be\/wp-content\/uploads\/elementor\/thumbs\/PQTC2-rk9ujgfxbkfg811m64ygc07nvn4bf7jtaqholddkjs.png\" title=\"PQTC2\" alt=\"PQTC2\" loading=\"lazy\" \/>\t\t\t\t\t\t\t\t\t\t\t\t\t\t\t<\/div>\n\t\t\t\t<div class=\"elementor-element elementor-element-3e790c6 hostinger-ai-service-description elementor-widget elementor-widget-text-editor\" data-id=\"3e790c6\" data-element_type=\"widget\" data-e-type=\"widget\" data-widget_type=\"text-editor.default\">\n\t\t\t\t\t\t\t\t\t<p>Regular maintenance recommended: minimum 3 visits per month<br data-start=\"618\" data-end=\"621\" \/>Services include:\n\nDusting, floor cleaning, restrooms, common areas, and kitchen spaces.<\/p>\t\t\t\t\t\t\t\t<\/div>\n\t\t\t\t<div class=\"elementor-element elementor-element-47e4377 hostinger-ai-cta-button hostinger-index-0 elementor-mobile-align-center elementor-widget elementor-widget-button\" data-id=\"47e4377\" data-element_type=\"widget\" data-e-type=\"widget\" data-widget_type=\"button.default\">\n\t\t\t\t\t\t\t\t\t\t<a class=\"elementor-button elementor-button-link elementor-size-sm\" href=\"https:\/\/taosclean.be\/en\/demande-de-devis\/\">\n\t\t\t\t\t\t<span class=\"elementor-button-content-wrapper\">\n\t\t\t\t\t\t\t\t\t<span class=\"elementor-button-text\">Get a quote<\/span>\n\t\t\t\t\t<\/span>\n\t\t\t\t\t<\/a>\n\t\t\t\t\t\t\t\t<\/div>\n\t\t\t\t<\/div>\n\t\t<div data-aos=\"fade-up\" class=\"hostinger-elementor-aos elementor-element elementor-element-0d9383c e-con-full e-flex e-con e-child\" data-id=\"0d9383c\" data-element_type=\"container\" data-e-type=\"container\">\n\t\t\t\t<div class=\"elementor-element elementor-element-9f307de elementor-widget elementor-widget-heading\" data-id=\"9f307de\" data-element_type=\"widget\" data-e-type=\"widget\" data-widget_type=\"heading.default\">\n\t\t\t\t\t<h2 class=\"elementor-heading-title elementor-size-default\">Horeca &amp; Retail<\/h2>\t\t\t\t<\/div>\n\t\t\t\t<div class=\"elementor-element elementor-element-3377a60 hostinger-ai-service-image hostinger-index-1 elementor-widget elementor-widget-image\" data-id=\"3377a60\" data-element_type=\"widget\" data-e-type=\"widget\" data-widget_type=\"image.default\">\n\t\t\t\t\t\t\t\t\t\t\t\t\t\t\t<img decoding=\"async\" src=\"https:\/\/taosclean.be\/wp-content\/uploads\/elementor\/thumbs\/pqcl4-rk9vamxwy3mxy3kagdx2xnai9r5f04ge19m56f2qmg.png\" title=\"pqcl4\" alt=\"pqcl4\" loading=\"lazy\" \/>\t\t\t\t\t\t\t\t\t\t\t\t\t\t\t<\/div>\n\t\t\t\t<div class=\"elementor-element elementor-element-97eff75 hostinger-ai-service-description hostinger-index-1 elementor-widget elementor-widget-text-editor\" data-id=\"97eff75\" data-element_type=\"widget\" data-e-type=\"widget\" data-widget_type=\"text-editor.default\">\n\t\t\t\t\t\t\t\t\t<p>Cleaning services 1 to 3 times per week depending on activity<br data-start=\"847\" data-end=\"850\" \/>Services include:\n\nFloor cleaning, customer areas, restrooms, and kitchens.<\/p>\t\t\t\t\t\t\t\t<\/div>\n\t\t\t\t<div class=\"elementor-element elementor-element-417efa0 hostinger-ai-cta-button hostinger-index-0 elementor-mobile-align-center elementor-widget elementor-widget-button\" data-id=\"417efa0\" data-element_type=\"widget\" data-e-type=\"widget\" data-widget_type=\"button.default\">\n\t\t\t\t\t\t\t\t\t\t<a class=\"elementor-button elementor-button-link elementor-size-sm\" href=\"https:\/\/taosclean.be\/en\/demande-de-devis\/\">\n\t\t\t\t\t\t<span class=\"elementor-button-content-wrapper\">\n\t\t\t\t\t\t\t\t\t<span class=\"elementor-button-text\">Get a quote<\/span>\n\t\t\t\t\t<\/span>\n\t\t\t\t\t<\/a>\n\t\t\t\t\t\t\t\t<\/div>\n\t\t\t\t<\/div>\n\t\t<div data-aos=\"fade-up\" class=\"hostinger-elementor-aos elementor-element elementor-element-cb22ced e-con-full e-flex e-con e-child\" data-id=\"cb22ced\" data-element_type=\"container\" data-e-type=\"container\">\n\t\t\t\t<div class=\"elementor-element elementor-element-2f1101d elementor-widget elementor-widget-heading\" data-id=\"2f1101d\" data-element_type=\"widget\" data-e-type=\"widget\" data-widget_type=\"heading.default\">\n\t\t\t\t\t<h2 class=\"elementor-heading-title elementor-size-default\">Medical Practices &amp; Specialized Spaces<\/h2>\t\t\t\t<\/div>\n\t\t\t\t<div class=\"elementor-element elementor-element-7f71384 hostinger-ai-service-image hostinger-index-2 elementor-widget elementor-widget-image\" data-id=\"7f71384\" data-element_type=\"widget\" data-e-type=\"widget\" data-widget_type=\"image.default\">\n\t\t\t\t\t\t\t\t\t\t\t\t\t\t\t<img decoding=\"async\" src=\"https:\/\/taosclean.be\/wp-content\/uploads\/elementor\/thumbs\/pqblanche-rk9vu616y6df6f70etu0qpvalyvyxpzm1xlc5e49c8.png\" title=\"pqblanche\" alt=\"pqblanche\" loading=\"lazy\" \/>\t\t\t\t\t\t\t\t\t\t\t\t\t\t\t<\/div>\n\t\t\t\t<div class=\"elementor-element elementor-element-9a21c25 hostinger-ai-service-description hostinger-index-1 elementor-widget elementor-widget-text-editor\" data-id=\"9a21c25\" data-element_type=\"widget\" data-e-type=\"widget\" data-widget_type=\"text-editor.default\">\n\t\t\t\t\t\t\t\t\t<p>Cleaning and disinfection 2 to 5 times per week<br data-start=\"1061\" data-end=\"1064\" \/>Including:\n\nWaiting rooms, treatment rooms, and sensitive surfaces..<\/p>\t\t\t\t\t\t\t\t<\/div>\n\t\t\t\t<div class=\"elementor-element elementor-element-179998e hostinger-ai-cta-button hostinger-index-0 elementor-mobile-align-center elementor-widget elementor-widget-button\" data-id=\"179998e\" data-element_type=\"widget\" data-e-type=\"widget\" data-widget_type=\"button.default\">\n\t\t\t\t\t\t\t\t\t\t<a class=\"elementor-button elementor-button-link elementor-size-sm\" href=\"https:\/\/taosclean.be\/en\/demande-de-devis\/\">\n\t\t\t\t\t\t<span class=\"elementor-button-content-wrapper\">\n\t\t\t\t\t\t\t\t\t<span class=\"elementor-button-text\">Get a quote<\/span>\n\t\t\t\t\t<\/span>\n\t\t\t\t\t<\/a>\n\t\t\t\t\t\t\t\t<\/div>\n\t\t\t\t<\/div>\n\t\t\t\t<\/div>\n\t\t\t\t<\/div>\n\t\t\t\t\t<\/div>\n\t\t\t\t<\/div>\n\t\t<div data-aos=\"fade-up\" class=\"hostinger-elementor-aos elementor-element elementor-element-425a1bf e-flex e-con-boxed e-con e-parent\" data-id=\"425a1bf\" data-element_type=\"container\" data-e-type=\"container\" data-settings=\"{&quot;background_background&quot;:&quot;classic&quot;}\">\n\t\t\t\t\t<div class=\"e-con-inner\">\n\t\t<div data-aos=\"fade-up\" class=\"hostinger-elementor-aos elementor-element elementor-element-8eb3a11 e-con-full e-flex e-con e-child\" data-id=\"8eb3a11\" data-element_type=\"container\" data-e-type=\"container\">\n\t\t\t\t<div class=\"elementor-element elementor-element-2516ff0 hostinger-ai-title elementor-widget elementor-widget-heading\" data-id=\"2516ff0\" data-element_type=\"widget\" data-e-type=\"widget\" data-widget_type=\"heading.default\">\n\t\t\t\t\t<h2 class=\"elementor-heading-title elementor-size-default\">Receive your personalized quote within 24 hours<\/h2>\t\t\t\t<\/div>\n\t\t\t\t<div class=\"elementor-element elementor-element-bb2189c elementor-widget__width-initial hostinger-ai-description elementor-widget elementor-widget-text-editor\" data-id=\"bb2189c\" data-element_type=\"widget\" data-e-type=\"widget\" data-widget_type=\"text-editor.default\">\n\t\t\t\t\t\t\t\t\t<p data-start=\"459\" data-end=\"530\">Looking for a reliable partner to maintain your premises?<\/p><p data-start=\"537\" data-end=\"642\">TAOS CLEAN provides a cleaning solution tailored to your business and the ideal service frequency for your needs.<\/p>\t\t\t\t\t\t\t\t<\/div>\n\t\t\t\t<div class=\"elementor-element elementor-element-c0f4a8e hostinger-ai-cta-button hostinger-index-0 elementor-widget elementor-widget-button\" data-id=\"c0f4a8e\" data-element_type=\"widget\" data-e-type=\"widget\" data-widget_type=\"button.default\">\n\t\t\t\t\t\t\t\t\t\t<a class=\"elementor-button elementor-button-link elementor-size-sm\" href=\"https:\/\/taosclean.be\/en\/demande-de-devis\/\">\n\t\t\t\t\t\t<span class=\"elementor-button-content-wrapper\">\n\t\t\t\t\t\t\t\t\t<span class=\"elementor-button-text\">Get my quote<\/span>\n\t\t\t\t\t<\/span>\n\t\t\t\t\t<\/a>\n\t\t\t\t\t\t\t\t<\/div>\n\t\t\t\t<\/div>\n\t\t\t\t\t<\/div>\n\t\t\t\t<\/div>\n\t\t\t\t<\/div>","protected":false},"excerpt":{"rendered":"<p>Votre Partenaire propret\u00e9 pour entreprises exigeantes TAOS CLEAN accompagne les entreprises, Cabinets m\u00e9dicaux, Commerces et \u00c9tablissements Scolaire, Horeca avec un service de nettoyage professionnel, structur\u00e9 et fiable. Recevoir mon devis sous 24h Pourquoi choisir TAOS CLEAN ? Nous intervenons avec m\u00e9thode, rigueur et professionnalisme pour garantir un environnement propre, sain et valorisant pour votre entreprise. [&hellip;]<\/p>\n","protected":false},"author":1,"featured_media":0,"parent":0,"menu_order":0,"comment_status":"closed","ping_status":"closed","template":"","meta":{"footnotes":""},"class_list":["post-6","page","type-page","status-publish","hentry"],"_hostinger_reach_plugin_has_subscription_block":false,"_hostinger_reach_plugin_is_elementor":false,"_links":{"self":[{"href":"https:\/\/taosclean.be\/en\/wp-json\/wp\/v2\/pages\/6","targetHints":{"allow":["GET"]}}],"collection":[{"href":"https:\/\/taosclean.be\/en\/wp-json\/wp\/v2\/pages"}],"about":[{"href":"https:\/\/taosclean.be\/en\/wp-json\/wp\/v2\/types\/page"}],"author":[{"embeddable":true,"href":"https:\/\/taosclean.be\/en\/wp-json\/wp\/v2\/users\/1"}],"replies":[{"embeddable":true,"href":"https:\/\/taosclean.be\/en\/wp-json\/wp\/v2\/comments?post=6"}],"version-history":[{"count":45,"href":"https:\/\/taosclean.be\/en\/wp-json\/wp\/v2\/pages\/6\/revisions"}],"predecessor-version":[{"id":140,"href":"https:\/\/taosclean.be\/en\/wp-json\/wp\/v2\/pages\/6\/revisions\/140"}],"wp:attachment":[{"href":"https:\/\/taosclean.be\/en\/wp-json\/wp\/v2\/media?parent=6"}],"curies":[{"name":"wp","href":"https:\/\/api.w.org\/{rel}","templated":true}]}}