{"id":8,"date":"2026-02-27T20:45:00","date_gmt":"2026-02-27T20:45:00","guid":{"rendered":"https:\/\/seagreen-gorilla-845991.hostingersite.com\/demande-de-devis\/"},"modified":"2026-03-11T12:11:24","modified_gmt":"2026-03-11T12:11:24","slug":"demande-de-devis","status":"publish","type":"page","link":"https:\/\/taosclean.be\/en\/demande-de-devis\/","title":{"rendered":"Request a quote"},"content":{"rendered":"\t\t<div data-elementor-type=\"wp-page\" data-elementor-id=\"8\" class=\"elementor elementor-8\">\n\t\t\t\t<div data-aos=\"fade-up\" class=\"hostinger-elementor-aos elementor-element elementor-element-425a1bf e-flex e-con-boxed e-con e-parent\" data-id=\"425a1bf\" data-element_type=\"container\" data-e-type=\"container\" data-settings=\"{&quot;background_background&quot;:&quot;classic&quot;}\">\n\t\t\t\t\t<div class=\"e-con-inner\">\n\t\t<div data-aos=\"fade-up\" class=\"hostinger-elementor-aos elementor-element elementor-element-8eb3a11 e-con-full e-flex e-con e-child\" data-id=\"8eb3a11\" data-element_type=\"container\" data-e-type=\"container\">\n\t\t\t\t<div class=\"elementor-element elementor-element-2516ff0 hostinger-ai-title elementor-widget elementor-widget-heading\" data-id=\"2516ff0\" data-element_type=\"widget\" data-e-type=\"widget\" data-widget_type=\"heading.default\">\n\t\t\t\t\t<h2 class=\"elementor-heading-title elementor-size-default\">Demandez votre devis<\/h2>\t\t\t\t<\/div>\n\t\t\t\t<div class=\"elementor-element elementor-element-bb2189c elementor-widget__width-initial hostinger-ai-description elementor-widget elementor-widget-text-editor\" data-id=\"bb2189c\" data-element_type=\"widget\" data-e-type=\"widget\" data-widget_type=\"text-editor.default\">\n\t\t\t\t\t\t\t\t\t<p>Taos Clean, votre alli\u00e9 belge pour un nettoyage professionnel et fiable, valorisant votre image.<\/p><p>Devis personnalis\u00e9 en quelques clics, adapt\u00e9 \u00e0 votre secteur et fr\u00e9quence.<\/p>\t\t\t\t\t\t\t\t<\/div>\n\t\t\t\t<\/div>\n\t\t\t\t\t<\/div>\n\t\t\t\t<\/div>\n\t\t<div data-aos=\"fade-up\" class=\"hostinger-elementor-aos elementor-element elementor-element-73b5b1a e-flex e-con-boxed e-con e-parent\" data-id=\"73b5b1a\" data-element_type=\"container\" data-e-type=\"container\" data-settings=\"{&quot;background_background&quot;:&quot;classic&quot;}\">\n\t\t\t\t\t<div class=\"e-con-inner\">\n\t\t\t\t<div class=\"elementor-element elementor-element-d94adb7 elementor-widget elementor-widget-wpforms\" data-id=\"d94adb7\" data-element_type=\"widget\" data-e-type=\"widget\" data-widget_type=\"wpforms.default\">\n\t\t\t\t<div class=\"elementor-widget-container\">\n\t\t\t\t\t<div class=\"wpforms-container wpforms-container-full wpforms-render-modern\" id=\"wpforms-50\"><form id=\"wpforms-form-50\" class=\"wpforms-validate wpforms-form\" data-formid=\"50\" method=\"post\" enctype=\"multipart\/form-data\" action=\"\/en\/wp-json\/wp\/v2\/pages\/8\" data-token=\"52404ac94175b5b4857aa7cded03e4a2\" data-token-time=\"1776432777\"><noscript class=\"wpforms-error-noscript\">Please enable JavaScript in your browser to complete this form.<\/noscript><div id=\"wpforms-error-noscript\" style=\"display: none;\">Please enable JavaScript in your browser to complete this form.<\/div><div class=\"wpforms-field-container\"><div id=\"wpforms-50-field_1-container\" class=\"wpforms-field wpforms-field-name\" data-field-id=\"1\"><fieldset><legend class=\"wpforms-field-label\">Nom et pr\u00e9nom <span class=\"wpforms-required-label\" aria-hidden=\"true\">*<\/span><\/legend><div class=\"wpforms-field-row wpforms-field-medium\"><div class=\"wpforms-field-row-block wpforms-first wpforms-one-half\"><input type=\"text\" id=\"wpforms-50-field_1\" class=\"wpforms-field-name-first wpforms-field-required\" name=\"wpforms[fields][1][first]\" aria-errormessage=\"wpforms-50-field_1-error\" required><label for=\"wpforms-50-field_1\" class=\"wpforms-field-sublabel after\">First<\/label><\/div><div class=\"wpforms-field-row-block wpforms-one-half\"><input type=\"text\" id=\"wpforms-50-field_1-last\" class=\"wpforms-field-name-last wpforms-field-required\" name=\"wpforms[fields][1][last]\" aria-errormessage=\"wpforms-50-field_1-last-error\" required><label for=\"wpforms-50-field_1-last\" class=\"wpforms-field-sublabel after\">Last<\/label><\/div><\/div><\/fieldset><\/div><div id=\"wpforms-50-field_2-container\" class=\"wpforms-field wpforms-field-text\" data-field-id=\"2\"><label class=\"wpforms-field-label\" for=\"wpforms-50-field_2\">Nom de l\u2019entreprise <span class=\"wpforms-required-label\" aria-hidden=\"true\">*<\/span><\/label><input type=\"text\" id=\"wpforms-50-field_2\" class=\"wpforms-field-medium wpforms-field-required\" name=\"wpforms[fields][2]\" aria-errormessage=\"wpforms-50-field_2-error\" required><\/div>\t\t<div id=\"wpforms-50-field_13-container\"\n\t\t\tclass=\"wpforms-field wpforms-field-text\"\n\t\t\tdata-field-type=\"text\"\n\t\t\tdata-field-id=\"13\"\n\t\t\t>\n\t\t\t<label class=\"wpforms-field-label\" for=\"wpforms-50-field_13\" >Surface CLEAN dans<\/label>\n\t\t\t<input type=\"text\" id=\"wpforms-50-field_13\" class=\"wpforms-field-medium\" name=\"wpforms[fields][13]\" >\n\t\t<\/div>\n\t\t<div id=\"wpforms-50-field_4-container\" class=\"wpforms-field wpforms-field-email\" data-field-id=\"4\"><label class=\"wpforms-field-label\" for=\"wpforms-50-field_4\">Email <span class=\"wpforms-required-label\" aria-hidden=\"true\">*<\/span><\/label><input type=\"email\" id=\"wpforms-50-field_4\" class=\"wpforms-field-medium wpforms-field-required\" name=\"wpforms[fields][4]\" spellcheck=\"false\" aria-errormessage=\"wpforms-50-field_4-error\" required><\/div><div id=\"wpforms-50-field_5-container\" class=\"wpforms-field wpforms-field-text\" data-field-id=\"5\"><label class=\"wpforms-field-label\" for=\"wpforms-50-field_5\">Adresse des locaux \u00e0 nettoyer <span class=\"wpforms-required-label\" aria-hidden=\"true\">*<\/span><\/label><input type=\"text\" id=\"wpforms-50-field_5\" class=\"wpforms-field-medium wpforms-field-required\" name=\"wpforms[fields][5]\" aria-errormessage=\"wpforms-50-field_5-error\" required><\/div><div id=\"wpforms-50-field_6-container\" class=\"wpforms-field wpforms-field-text\" data-field-id=\"6\"><label class=\"wpforms-field-label\" for=\"wpforms-50-field_6\">Ville \/ code postal <span class=\"wpforms-required-label\" aria-hidden=\"true\">*<\/span><\/label><input type=\"text\" id=\"wpforms-50-field_6\" class=\"wpforms-field-medium wpforms-field-required\" name=\"wpforms[fields][6]\" aria-errormessage=\"wpforms-50-field_6-error\" required><\/div><div id=\"wpforms-50-field_7-container\" class=\"wpforms-field wpforms-field-select wpforms-field-select-style-classic\" data-field-id=\"7\"><label class=\"wpforms-field-label\" for=\"wpforms-50-field_7\">Type de locaux <span class=\"wpforms-required-label\" aria-hidden=\"true\">*<\/span><\/label><select id=\"wpforms-50-field_7\" class=\"wpforms-field-medium wpforms-field-required\" name=\"wpforms[fields][7]\" required=\"required\"><option value=\"Bureaux \/ Entreprises\"  class=\"choice-1 depth-1\"  >Bureaux \/ Entreprises<\/option><option value=\"Restaurant \/ Horeca\"  class=\"choice-2 depth-1\"  >Restaurant \/ Horeca<\/option><option value=\"Commerce\"  class=\"choice-3 depth-1\"  >Commerce<\/option><option value=\"Cabinet m\u00e9dical\"  class=\"choice-4 depth-1\"  >Cabinet m\u00e9dical<\/option><option value=\"Immeuble \/ communs\"  class=\"choice-5 depth-1\"  >Immeuble \/ communs<\/option><option value=\"Salle de f\u00eate \/ \u00e9v\u00e9nementiel\"  class=\"choice-6 depth-1\"  >Salle de f\u00eate \/ \u00e9v\u00e9nementiel<\/option><option value=\"Autre\"  class=\"choice-7 depth-1\"  >Autre<\/option><\/select><\/div><div id=\"wpforms-50-field_8-container\" class=\"wpforms-field wpforms-field-select wpforms-field-select-style-classic\" data-field-id=\"8\"><label class=\"wpforms-field-label\" for=\"wpforms-50-field_8\">Surface approximative <span class=\"wpforms-required-label\" aria-hidden=\"true\">*<\/span><\/label><select id=\"wpforms-50-field_8\" class=\"wpforms-field-medium wpforms-field-required\" name=\"wpforms[fields][8]\" required=\"required\"><option value=\"Moins de 100 m\u00b2\"  class=\"choice-1 depth-1\"  >Moins de 100 m\u00b2<\/option><option value=\"100 \u00e0 300 m\u00b2\"  class=\"choice-2 depth-1\"  >100 \u00e0 300 m\u00b2<\/option><option value=\"300 \u00e0 500 m\u00b2\"  class=\"choice-3 depth-1\"  >300 \u00e0 500 m\u00b2<\/option><option value=\"Plus de 500 m\u00b2\"  class=\"choice-4 depth-1\"  >Plus de 500 m\u00b2<\/option><\/select><\/div><div id=\"wpforms-50-field_9-container\" class=\"wpforms-field wpforms-field-select wpforms-field-select-style-classic\" data-field-id=\"9\"><label class=\"wpforms-field-label\" for=\"wpforms-50-field_9\">Fr\u00e9quence de nettoyage souhait\u00e9e <span class=\"wpforms-required-label\" aria-hidden=\"true\">*<\/span><\/label><select id=\"wpforms-50-field_9\" class=\"wpforms-field-medium wpforms-field-required\" name=\"wpforms[fields][9]\" required=\"required\"><option value=\"3 passages par mois\"  class=\"choice-1 depth-1\"  >3 passages par mois<\/option><option value=\"1 fois par semaine\"  class=\"choice-2 depth-1\"  >1 fois par semaine<\/option><option value=\"2 fois par semaine\"  class=\"choice-3 depth-1\"  >2 fois par semaine<\/option><option value=\"3 fois par semaine\"  class=\"choice-4 depth-1\"  >3 fois par semaine<\/option><option value=\"Sur mesure\"  class=\"choice-5 depth-1\"  >Sur mesure<\/option><\/select><\/div><div id=\"wpforms-50-field_11-container\" class=\"wpforms-field wpforms-field-textarea\" data-field-id=\"11\"><label class=\"wpforms-field-label\" for=\"wpforms-50-field_11\">Informations compl\u00e9mentaires<\/label><textarea id=\"wpforms-50-field_11\" class=\"wpforms-field-medium\" name=\"wpforms[fields][11]\" aria-errormessage=\"wpforms-50-field_11-error\" ><\/textarea><\/div><div id=\"wpforms-50-field_12-container\" class=\"wpforms-field wpforms-field-checkbox\" data-field-id=\"12\"><fieldset><legend class=\"wpforms-field-label\">J\u2019accepte d\u2019\u00eatre recontact\u00e9 par TAOS CLEAN dans le cadre de ma demande de devis. <span class=\"wpforms-required-label\" aria-hidden=\"true\">*<\/span><\/legend><ul id=\"wpforms-50-field_12\" class=\"wpforms-field-required\"><li class=\"choice-1 depth-1\"><input type=\"checkbox\" id=\"wpforms-50-field_12_1\" name=\"wpforms[fields][12][]\" value=\"J\u2019accepte\" aria-errormessage=\"wpforms-50-field_12_1-error\" required ><label class=\"wpforms-field-label-inline\" for=\"wpforms-50-field_12_1\">J\u2019accepte<\/label><\/li><\/ul><\/fieldset><\/div><script>\n\t\t\t\t( function() {\n\t\t\t\t\tconst style = document.createElement( 'style' );\n\t\t\t\t\tstyle.appendChild( document.createTextNode( '#wpforms-50-field_13-container { position: absolute !important; overflow: hidden !important; display: inline !important; height: 1px !important; width: 1px !important; z-index: -1000 !important; padding: 0 !important; } #wpforms-50-field_13-container input { visibility: hidden; } #wpforms-conversational-form-page #wpforms-50-field_13-container label { counter-increment: none; }' ) );\n\t\t\t\t\tdocument.head.appendChild( style );\n\t\t\t\t\tdocument.currentScript?.remove();\n\t\t\t\t} )();\n\t\t\t<\/script><\/div><!-- .wpforms-field-container --><div class=\"wpforms-submit-container\" ><input type=\"hidden\" name=\"wpforms[id]\" value=\"50\"><input type=\"hidden\" name=\"page_title\" value=\"\"><input type=\"hidden\" name=\"page_url\" value=\"https:\/\/taosclean.be\/en\/wp-json\/wp\/v2\/pages\/8\"><input type=\"hidden\" name=\"url_referer\" value=\"\"><button type=\"submit\" name=\"wpforms[submit]\" id=\"wpforms-submit-50\" class=\"wpforms-submit\" data-alt-text=\"Envoi...\" data-submit-text=\"Recevoir mon devis\" aria-live=\"assertive\" value=\"wpforms-submit\">Recevoir mon devis<\/button><\/div><\/form><\/div>  <!-- .wpforms-container -->\t\t\t\t<\/div>\n\t\t\t\t<\/div>\n\t\t\t\t\t<\/div>\n\t\t\t\t<\/div>\n\t\t\t\t<\/div>\n\t\t","protected":false},"excerpt":{"rendered":"<p>Demandez votre devis Taos Clean, votre alli\u00e9 belge pour un nettoyage professionnel et fiable, valorisant votre image. Devis personnalis\u00e9 en quelques clics, adapt\u00e9 \u00e0 votre secteur et fr\u00e9quence. Veuillez activer JavaScript dans votre navigateur pour remplir ce formulaire.Veuillez activer JavaScript dans votre navigateur pour remplir ce formulaire. Nom et pr\u00e9nom * Pr\u00e9nomNom Nom de l\u2019entreprise [&hellip;]<\/p>\n","protected":false},"author":1,"featured_media":0,"parent":0,"menu_order":0,"comment_status":"closed","ping_status":"closed","template":"","meta":{"footnotes":""},"class_list":["post-8","page","type-page","status-publish","hentry"],"_hostinger_reach_plugin_has_subscription_block":false,"_hostinger_reach_plugin_is_elementor":false,"_links":{"self":[{"href":"https:\/\/taosclean.be\/en\/wp-json\/wp\/v2\/pages\/8","targetHints":{"allow":["GET"]}}],"collection":[{"href":"https:\/\/taosclean.be\/en\/wp-json\/wp\/v2\/pages"}],"about":[{"href":"https:\/\/taosclean.be\/en\/wp-json\/wp\/v2\/types\/page"}],"author":[{"embeddable":true,"href":"https:\/\/taosclean.be\/en\/wp-json\/wp\/v2\/users\/1"}],"replies":[{"embeddable":true,"href":"https:\/\/taosclean.be\/en\/wp-json\/wp\/v2\/comments?post=8"}],"version-history":[{"count":18,"href":"https:\/\/taosclean.be\/en\/wp-json\/wp\/v2\/pages\/8\/revisions"}],"predecessor-version":[{"id":137,"href":"https:\/\/taosclean.be\/en\/wp-json\/wp\/v2\/pages\/8\/revisions\/137"}],"wp:attachment":[{"href":"https:\/\/taosclean.be\/en\/wp-json\/wp\/v2\/media?parent=8"}],"curies":[{"name":"wp","href":"https:\/\/api.w.org\/{rel}","templated":true}]}}